{"id":122,"date":"2016-07-15T16:29:23","date_gmt":"2016-07-15T14:29:23","guid":{"rendered":"http:\/\/ateateatro.eus\/?page_id=122"},"modified":"2017-12-10T13:32:21","modified_gmt":"2017-12-10T12:32:21","slug":"curriculum-artistico-extenso","status":"publish","type":"page","link":"http:\/\/ateateatro.com\/?page_id=122&lang=es","title":{"rendered":"CURRICULUM ART\u00cdSTICO (EXTENSO)"},"content":{"rendered":"<p>Alex Tello Arostegi (1977)<\/p>\n<p>Actor, escritor y director<\/p>\n<p>Diplomado en Educaci\u00f3n Social (UPV)<\/p>\n<p>CURRICULUM ART\u00cdSTICO (\u00faltima actualizaci\u00f3n en julio de 2016)<\/p>\n<ol>\n<li><strong> ACTOR<\/strong><\/li>\n<\/ol>\n<p>1.1 TEATRO<\/p>\n<p>1.2 TELEVISI\u00d3N Y AUDIOVISUALES<\/p>\n<p>1.3 ANIMACI\u00d3N<\/p>\n<p>1.4 CASTING<\/p>\n<ol start=\"2\">\n<li><strong> DIRECTOR Y GUIONISTA<\/strong><\/li>\n<\/ol>\n<p>2.1 TEATRO<\/p>\n<p>2.2 CORTOMETRAJES, VIDEOCLIPS\u2026<\/p>\n<p>M\u00e1s:<\/p>\n<ol start=\"3\">\n<li><strong>FORMACI\u00d3N<\/strong><\/li>\n<\/ol>\n<ol start=\"4\">\n<li><strong>ESCRITOR<\/strong><\/li>\n<\/ol>\n<ol start=\"5\">\n<li><strong>PREMIOS<\/strong><\/li>\n<\/ol>\n<ol start=\"6\">\n<li><strong>ENTREVISTAS Y REPORTAJES<\/strong><\/li>\n<\/ol>\n<p><img loading=\"lazy\" decoding=\"async\" class=\"alignnone size-full wp-image-318\" src=\"http:\/\/ateateatro.eus\/wp-content\/uploads\/2016\/07\/Patakon.jpg\" alt=\"Patakon\" width=\"660\" height=\"445\" srcset=\"http:\/\/ateateatro.com\/wp-content\/uploads\/2016\/07\/Patakon.jpg 660w, http:\/\/ateateatro.com\/wp-content\/uploads\/2016\/07\/Patakon-300x202.jpg 300w, http:\/\/ateateatro.com\/wp-content\/uploads\/2016\/07\/Patakon-445x300.jpg 445w\" sizes=\"auto, (max-width: 660px) 100vw, 660px\" \/><\/p>\n<ol>\n<li><strong> ACTOR<\/strong><\/li>\n<\/ol>\n<p><strong><u>1.1 ACTOR TEATRO<\/u><\/strong><\/p>\n<p>PIRRITX, PORROTX eta MARIMOTOTS (2010 &#8211; 2017)<\/p>\n<p>Personajes: Periko Lapiko, Plastiker, Igor, Gorka, Benito Otsoa, Patakon pirata, Largabista basozaina, Martinbertso y m\u00e1s.<\/p>\n<p>ARRAIN HERRIAREN MEMORIA GALDUA infantil-familiar. Nabarralde (2012)<\/p>\n<p>3,2\u2026 ZAST! EGIZU JOLAS infantil-familiar. Ttinbilin-ttanbalan (2009-2011)<\/p>\n<p>PORROTX PAILAZOA ETA PATAKON PIRATA (2011)<\/p>\n<p>PORROTX PAILAZOA ETA LARGABISTA BASOZAINA (2010)<\/p>\n<p>PORROTX PAILAZOA ETA XIMON BIHURRIA (2009)<\/p>\n<p><img loading=\"lazy\" decoding=\"async\" class=\"alignnone size-full wp-image-327\" src=\"http:\/\/ateateatro.eus\/wp-content\/uploads\/2016\/07\/Ximon-eta-Lide.jpg\" alt=\"Ximon eta Lide\" width=\"3664\" height=\"2748\" srcset=\"http:\/\/ateateatro.com\/wp-content\/uploads\/2016\/07\/Ximon-eta-Lide.jpg 3664w, http:\/\/ateateatro.com\/wp-content\/uploads\/2016\/07\/Ximon-eta-Lide-300x225.jpg 300w, http:\/\/ateateatro.com\/wp-content\/uploads\/2016\/07\/Ximon-eta-Lide-768x576.jpg 768w, http:\/\/ateateatro.com\/wp-content\/uploads\/2016\/07\/Ximon-eta-Lide-1024x768.jpg 1024w, http:\/\/ateateatro.com\/wp-content\/uploads\/2016\/07\/Ximon-eta-Lide-400x300.jpg 400w\" sizes=\"auto, (max-width: 3664px) 100vw, 3664px\" \/><\/p>\n<p>(*Foto: Ximon y Lide (Ainhoa Alberdi) personajes de la obra Hitzen Lapurra. 2008)<\/p>\n<p>HITZEN LAPURRA. Infantil-familiar. Ttinbilin-ttanbalan. Lanku (2007-2009)<\/p>\n<p>LORE ETA IKATZ. Infantil de Navidad (2007-2008)<\/p>\n<p>DON TXERRI! Monologo para ni\u00f1@s (2008)<\/p>\n<p>MUGI (movilidad y medioambiente) Teatro para escolares. Trabajo de creaci\u00f3n (2007-2008)<\/p>\n<p><strong>\u00a0Taller de Artes Esc\u00e9nicas:<\/strong><\/p>\n<p><strong>\u00a0<\/strong>TAE3: Sin t\u00edtulo (por motivos de seguridad)<\/p>\n<p>Creaci\u00f3n de grupo. Director: Edi Naud\u00f3 (2007)<\/p>\n<p>TAE3: Clases magisrales (improvisaciones). Edi Naud\u00f3 (2007)<\/p>\n<p>TAE2: Palabras encadenadas (J. Galcer\u00e1n). Edi Naud\u00f3 (2006)<\/p>\n<p>TAE1: Un ciego con una pistola (Chester Hymes). Garbi Losada (2005)<\/p>\n<p><strong>Trabajos peque\u00f1os (teatro):<\/strong><\/p>\n<p>\u00abKaixomaitia.eus\u00bb spot. 2015<\/p>\n<p>TOSCA (opera) con Ainhoa Arteta. Director de escena: Paco Azor\u00edn. Kursaal Donostia 2015.<\/p>\n<p><img loading=\"lazy\" decoding=\"async\" class=\"alignnone size-full wp-image-330\" src=\"http:\/\/ateateatro.eus\/wp-content\/uploads\/2016\/07\/TOSCA.jpg\" alt=\"TOSCA\" width=\"2448\" height=\"3264\" srcset=\"http:\/\/ateateatro.com\/wp-content\/uploads\/2016\/07\/TOSCA.jpg 2448w, http:\/\/ateateatro.com\/wp-content\/uploads\/2016\/07\/TOSCA-225x300.jpg 225w, http:\/\/ateateatro.com\/wp-content\/uploads\/2016\/07\/TOSCA-768x1024.jpg 768w\" sizes=\"auto, (max-width: 2448px) 100vw, 2448px\" \/><\/p>\n<p>*Argazkia: \u00abTosca\u00bb Kursaalean Iratxerekin (jostuna-jantziak)<\/p>\n<p>Donostia-Sutan (1813 \u2013 2013) Herri antzerkia. Zuzendaria: Eneko Olasagasti \u00a0(2013 abuztuak 31)<\/p>\n<p>\u201cBelfast-eko inprobisaketak\u201d (Txus lurrean dago, I shot the sherif, Lingua pekatorum, X\u00fcb\u00fcr\u00fca. Donostia (2010-2015)<\/p>\n<p>Aldatzen-laguntzen taldearen \u201cIspilua\u201d antzezlanaren agurran kameoa: DJ Kito. (2012)<\/p>\n<p>\u201cEuskararen maratoiko ezkontza\u201d. Lasarte-Oria (2012)<\/p>\n<p>Kilometroak Andoain, \u201cOn egin\u201d jaialdian esketxa (2012)<\/p>\n<p>\u201cApocalipsiaren zaldunak\u201d Teatro de calle itinerante en gira por varias localidades de Euskal Herria (2009)<\/p>\n<p>TXERRIKI (2008-2010) Varias obras: Txarraka show! Etxe Berri de luxe, Ekoibilgailuak, Emakume baten egun zoriontsua (2008) Oasia (2009) Azken bals-a (2010). Tambi\u00e9n animaciones de calle (Amorebieta-Zornotza, Usurbil, Andoain, Errenteria, Villabona\u2026), improvisaciones\u2026<\/p>\n<p><img loading=\"lazy\" decoding=\"async\" class=\"alignnone size-full wp-image-326\" src=\"http:\/\/ateateatro.eus\/wp-content\/uploads\/2016\/07\/Olentzero-eta-Ikatz.jpg\" alt=\"Olentzero eta Ikatz\" width=\"3664\" height=\"2748\" srcset=\"http:\/\/ateateatro.com\/wp-content\/uploads\/2016\/07\/Olentzero-eta-Ikatz.jpg 3664w, http:\/\/ateateatro.com\/wp-content\/uploads\/2016\/07\/Olentzero-eta-Ikatz-300x225.jpg 300w, http:\/\/ateateatro.com\/wp-content\/uploads\/2016\/07\/Olentzero-eta-Ikatz-768x576.jpg 768w, http:\/\/ateateatro.com\/wp-content\/uploads\/2016\/07\/Olentzero-eta-Ikatz-1024x768.jpg 1024w, http:\/\/ateateatro.com\/wp-content\/uploads\/2016\/07\/Olentzero-eta-Ikatz-400x300.jpg 400w\" sizes=\"auto, (max-width: 3664px) 100vw, 3664px\" \/><\/p>\n<p>(*Foto: \u00abOlentzero e Ikatz (carboncillo)\u00bb con el actor Joxe Torregarai del grupo Txerriki,en el a\u00f1o 2009)<\/p>\n<p>Moztu! Alproja. Teatro de calle (2008-2009)<\/p>\n<p>Lecturas dramatizadas: Isla peque\u00f1a (David Barbero) (2006)<\/p>\n<p>\u201cBide-zorra\u201d (Martxoak 8) Antzerkia\u00a0 Egiako pasabidean (2006)<\/p>\n<p><strong>\u00a0Presentador:<\/strong><\/p>\n<p>Co-presentador junto a Marta Elvira del d\u00e9cimo aniversario de \u201cBaby big band\u201d en Bastero. Andoain (2015)<\/p>\n<p>Presentador en \u00e1rea familiar del Ibilaldia. Bermeo (2011)<\/p>\n<p>Presentador del festival de carnaval de Andoaingo (2011)<\/p>\n<p>Presentador y dinamizador del concurso de mon\u00f3logos de Villabona (2010)<\/p>\n<p>Presentador de gala D-2016rako: intercambio con j\u00f3venes de Polonia. Kontadores Donostia (18 de diciembre de 2009)<\/p>\n<p><strong>M\u00e1s y otros:<\/strong><\/p>\n<p>Curso de creaci\u00f3n para el grupo de teatro Irazan de O\u00f1ati (marzo de 2017)<\/p>\n<p>Topa eszenika. Organizaci\u00f3n y direcci\u00f3n del festival de Usurbil (2009 -2015)<\/p>\n<p>Antzerkizale Eguna. Organizaci\u00f3n y direcci\u00f3n (2012)<\/p>\n<p>Usurbilgo Kale Antzerki Eguna. Organizaci\u00f3n y direcci\u00f3n (2008-2010)<\/p>\n<p><em>\u201cHarresi guztien gainetik, sarraila guztien azpitik jasotako hitzak\u201d. Lecturas dramatizadas.\u00a0 Lasarte-Oria. Orientaci\u00f3n direcci\u00f3n escena (2011 \u2013 2012)<\/em><\/p>\n<p>\u201cOteiza ezberdin gizartea\u201d Aldatzen Laguntzen antzerkia. Ayudante de direcci\u00f3n (2011)<\/p>\n<p>Programaci\u00f3n dominical en DOKA Donostiako Kafe Antzokia (2010)<\/p>\n<p>Jurado en los \u201cXXI. Encuentros de teatro joven\u201d de Donostia (2009)<\/p>\n<p>Ayudante de direcci\u00f3n en \u201cSoofing\u201d del grupo TGK (2009)<\/p>\n<p>Talleres para adultos en la escuela de teatro y danza KUKUKA de Lasarte-Oria (2009 \u2013 2012)<\/p>\n<p>Talleres dirigidos a ni\u00f1@s en Donostia y Usurbil (2007-2008)<\/p>\n<p><img loading=\"lazy\" decoding=\"async\" class=\"alignnone size-full wp-image-319\" src=\"http:\/\/ateateatro.eus\/wp-content\/uploads\/2016\/07\/Urkijotarrak_foto960.jpg\" alt=\"Urkijotarrak_foto960\" width=\"960\" height=\"524\" srcset=\"http:\/\/ateateatro.com\/wp-content\/uploads\/2016\/07\/Urkijotarrak_foto960.jpg 960w, http:\/\/ateateatro.com\/wp-content\/uploads\/2016\/07\/Urkijotarrak_foto960-300x164.jpg 300w, http:\/\/ateateatro.com\/wp-content\/uploads\/2016\/07\/Urkijotarrak_foto960-768x419.jpg 768w, http:\/\/ateateatro.com\/wp-content\/uploads\/2016\/07\/Urkijotarrak_foto960-500x273.jpg 500w\" sizes=\"auto, (max-width: 960px) 100vw, 960px\" \/><\/p>\n<p><strong><u>1.2 TELEVISI\u00d3N \u2013 AUDIOVISUALES (ACTOR)<\/u><\/strong><\/p>\n<p><strong>Televisi\u00f3n:<\/strong><\/p>\n<p>GOENKALE XX\u00a0 Reparto temporada: \u00abAsier\u00bb (2013 \u2013 2014)<br \/>\nMUGALDEKOAK Peque\u00f1as partes, \u00abAviador ingl\u00e9s\u00bb (2009)<\/p>\n<p><strong>Cortometrajes:<\/strong><\/p>\n<p>\u2018Aita antza!!!\u201d (8 min.) Cortometraje. Idoia Etxeberria (2012)<\/p>\n<p>\u2018Arrotzak\u2019 (5 min.) Cortometraje. Miren Zarauz &amp; Irene Ort\u00edz (2008)<\/p>\n<p>\u2018Apret\u00f3n\u2019 (64 seg.) Cortometraje. Marcos Antolini (ESCIVI) (2006)<\/p>\n<p><strong>Videoclip:<\/strong><\/p>\n<p>\u00abLaino eder hori\u00bb videoclip del grupo musical AURITZ (2017)<\/p>\n<p>\u201cUneak\u201d videoclip del grupo musical R (2009)<\/p>\n<p><strong>Trabajos peque\u00f1os para televisi\u00f3n:<\/strong><\/p>\n<p>GOENKALE \u2018Actor de reparto\u2019 y peque\u00f1as partes. Epis\u00f3dicos. (2007-2009)<\/p>\n<p>MARTIN \u2018Peque\u00f1as partes\u2019 (2007) Klikowski (2008)<\/p>\n<p>SKETCHES Especial de Nochevieja para Teledonosti-n (2007)<\/p>\n<p><strong>Trabajos peque\u00f1os (audiovisuales\u2026):<\/strong><\/p>\n<p>\u00abJatearen egiak\u00bb ETB1 (2009)<\/p>\n<p>\u201cVuelta de tuerca\u201d C\u00e1mara oculta\u201d ETB2 (2008)<\/p>\n<p>\u201cTerritorio comanche\u201d Camara oculta ETB2 (2008)<\/p>\n<p>Figuraci\u00f3n en publicidad: \u201cFagor Pir\u00f3lisis\u201d con Karlos Argui\u00f1ano. IZ-Amasa (2008)<\/p>\n<p>Captura de movimientos y doblaje para animaci\u00f3n. Museo de Aia (2007)<\/p>\n<p>Voz en OFF (conversaci\u00f3n telef\u00f3nica) Goenkale (2006)<\/p>\n<p>Grabaci\u00f3n y doblaje (\u00e1rea virtual del Museo del Hierro) (2005)<\/p>\n<p>Zinemaldia, ensayos ceremonia de inauguraci\u00f3n (2005)<\/p>\n<p>Figuraci\u00f3n en televisi\u00f3n: \u201cWazemank!\u201d, \u201cMartin\u201d, \u201cKlikowski\u201d, \u201cGoenkale\u201d (2006-2008)<\/p>\n<p>Figuraci\u00f3n en cine: \u201cDos rivales casi iguales\u201d, \u201cZorion perfektua\u201d, \u201cTodos estamos invitados\u201d (2006-2008)<\/p>\n<p>Reportero de Teledonosti en los carnavales de Tolosa (2008)<\/p>\n<p>*Euskadi Irratia:\u201dIlargipean\u201d (Dani Arizala). \u201cXabi eta Katixa\u201d. El personaje de xabi en varios programas de radio (2011).<\/p>\n<p><strong><u>1.3. ANIMACI\u00d3N<\/u><\/strong><\/p>\n<p><strong><img loading=\"lazy\" decoding=\"async\" class=\"alignnone size-full wp-image-320\" src=\"http:\/\/ateateatro.eus\/wp-content\/uploads\/2016\/07\/Ibarretxe-eta-UKAN.jpg\" alt=\"Ibarretxe eta UKAN\" width=\"2048\" height=\"1512\" srcset=\"http:\/\/ateateatro.com\/wp-content\/uploads\/2016\/07\/Ibarretxe-eta-UKAN.jpg 2048w, http:\/\/ateateatro.com\/wp-content\/uploads\/2016\/07\/Ibarretxe-eta-UKAN-300x221.jpg 300w, http:\/\/ateateatro.com\/wp-content\/uploads\/2016\/07\/Ibarretxe-eta-UKAN-768x567.jpg 768w, http:\/\/ateateatro.com\/wp-content\/uploads\/2016\/07\/Ibarretxe-eta-UKAN-1024x756.jpg 1024w, http:\/\/ateateatro.com\/wp-content\/uploads\/2016\/07\/Ibarretxe-eta-UKAN-406x300.jpg 406w\" sizes=\"auto, (max-width: 2048px) 100vw, 2048px\" \/><\/strong><\/p>\n<p><strong>Ukan \u00a0(2006 \u2013 2009): <\/strong>UKAN (el virus del Euskara y la convivencia). El virus Ukan es el personaje de una campa\u00f1a de la Viceconsejer\u00eda de Euskara del Gobierno Vasco cuyo lema ere Kutsatu! Ekin, UKAN, ekin! Ukan el virus \u201csaludable\u201d que se propaga por Euskal Herria. El virus contribuye a \u201creactivar la convivencia\u201d y \u201cactitudes positivas a favor del euskara\u201d. Animaciones, spot-s, eventos, videoclips\u2026 En la Comunidad Aut\u00f3noma Vasca y tambi\u00e9n el extranjero (Paris, Berl\u00edn).<\/p>\n<p><strong>\u00a0<u>1.4. CASTING <\/u><\/strong><\/p>\n<p>Castings y entrevistas desde 2006:<\/p>\n<p>1.- \u201cDos rivales casi iguales\u201d (El lunar). Entrevista en 2006. ESCOGIDO<\/p>\n<p>2.- \u201cUKAN\u201d. Entrevista en 2006. ESCOGIDO<\/p>\n<p>3.- \u00a0Goenkale. Donostia 2007<\/p>\n<p>4.- Pilotari (teleserie). Donostia 2007<\/p>\n<p>5.- \u201cEsto no es serio, \u00bfo s\u00ed?\u201d. Donostia 2007<\/p>\n<p>6.- \u00abBalbemendi\u00bb (teleserie). Donostia 2008<\/p>\n<p>7.- \u00abNi naiz Hector, ni bakarrik!\u00bb (teatro). Txalo &amp; Kanpingags. Donostia 2008<\/p>\n<p>8.- Teatro del oprimido. Crearte. Bermeo 2009<\/p>\n<p>9.- \u201cGoenkale XX\u201d. Donostia. Primavera de 2012. ESCOGIDO<\/p>\n<p>10.- \u201cBolsa de trabajo para presentador\u201d Pausoka. Donostia. Noviembre 2014.<\/p>\n<p>11.-\u00a0 \u201cOlentzero de ETB\u201d. Bilbo. 2014ko noviembre<\/p>\n<p><img loading=\"lazy\" decoding=\"async\" class=\"alignnone size-full wp-image-322\" src=\"http:\/\/ateateatro.eus\/wp-content\/uploads\/2016\/07\/sasi-kasting-2015-uztailak-2.jpeg\" alt=\"sasi kasting 2015 uztailak 2\" width=\"968\" height=\"1296\" srcset=\"http:\/\/ateateatro.com\/wp-content\/uploads\/2016\/07\/sasi-kasting-2015-uztailak-2.jpeg 968w, http:\/\/ateateatro.com\/wp-content\/uploads\/2016\/07\/sasi-kasting-2015-uztailak-2-224x300.jpeg 224w, http:\/\/ateateatro.com\/wp-content\/uploads\/2016\/07\/sasi-kasting-2015-uztailak-2-768x1028.jpeg 768w, http:\/\/ateateatro.com\/wp-content\/uploads\/2016\/07\/sasi-kasting-2015-uztailak-2-765x1024.jpeg 765w\" sizes=\"auto, (max-width: 968px) 100vw, 968px\" \/><\/p>\n<p>12.- \u201cKalebegiak\u201d. Donostia. 2015eko mayo<\/p>\n<p>13.- \u201cEl guardi\u00e1n invisible\u201d.\u00a0 Donostia. Presentaci\u00f3n. 2016 enero. SELECCIONADO<\/p>\n<p>14.- \u201cEl guardi\u00e1n invisible\u201d. Donostia. Prueba casting froga. 2016 febrero.<\/p>\n<p>15.-\u00a0 \u201cErrementari\u201d (El herrero y el diablo) pel\u00edcula. Vitoria-Gasteiz. 2016.<\/p>\n<p>16.- \u00abOinak lurrean\u00bb (Baleuko). Locutor-presentador pra programa de ETB. 2017 abril.<\/p>\n<p><img loading=\"lazy\" decoding=\"async\" class=\"alignnone size-full wp-image-321\" src=\"http:\/\/ateateatro.eus\/wp-content\/uploads\/2016\/07\/Alex-eta-Enrike-Amilibia.jpg\" alt=\"Alex eta Enrike Amilibia\" width=\"3861\" height=\"2574\" srcset=\"http:\/\/ateateatro.com\/wp-content\/uploads\/2016\/07\/Alex-eta-Enrike-Amilibia.jpg 3861w, http:\/\/ateateatro.com\/wp-content\/uploads\/2016\/07\/Alex-eta-Enrike-Amilibia-300x200.jpg 300w, http:\/\/ateateatro.com\/wp-content\/uploads\/2016\/07\/Alex-eta-Enrike-Amilibia-768x512.jpg 768w, http:\/\/ateateatro.com\/wp-content\/uploads\/2016\/07\/Alex-eta-Enrike-Amilibia-1024x683.jpg 1024w, http:\/\/ateateatro.com\/wp-content\/uploads\/2016\/07\/Alex-eta-Enrike-Amilibia-450x300.jpg 450w\" sizes=\"auto, (max-width: 3861px) 100vw, 3861px\" \/><\/p>\n<p>(*Foto: dirigiendo al actor Enrike Amilibia en la obra Jen dartean Bidaide, 2015)<\/p>\n<ol start=\"2\">\n<li><strong> DIRECTOR<\/strong><\/li>\n<\/ol>\n<p><strong>\u00a0<u>2.1 AUTOR TEATRAL + DIRECTOR<\/u><\/strong><\/p>\n<p><strong>\u00a0ALEX TELLO<\/strong> (gu\u00edonista-dramaturgo y director)<\/p>\n<p>A nivel profesional:<\/p>\n<p>\u201cInklusioaz formatu txikian\u201d (2016) (Inclusi\u00f3n en formato peque\u00f1o)<\/p>\n<p>\u201cJendartean Bidaide\u201d antzerki soziala (2015) (Compa\u00f1er@s de viaje en la sociedad. Teatro social).<\/p>\n<p>\u201cEkeotikopatetikobikoa\u201d comedia de bolsillo (2015)<\/p>\n<p>\u201cZu gabe\u201d drama (2015)<\/p>\n<p>\u201cNatura Maitatuz: Largabista eta Marisorgin\u201d teatro itinerante (2012)<\/p>\n<p>\u201cIrrien Lagunekin kanta eta dantza\u201d (2011)<\/p>\n<p>M\u00e1s:<\/p>\n<p>\u00abTxerriki\u00bb Guionista y director del grupo de teatro amateur Txerriki de Usurbil (2008-2010)<\/p>\n<p>\u00abMugi: educaci\u00f3n vial y medio-ambiente\u00bb campa\u00f1a escolar (2007)<\/p>\n<p>\u201cTeatro de creaci\u00f3n\u201d. Profesor con ni\u00f1os, j\u00f3venes y adultos (2007 \u2013 2012)<\/p>\n<p><strong>2.2 AUTOR + DIRECTOR<\/strong><\/p>\n<p><strong><u>(CORTOMETRAJES Y VIDEOCLIPS)<\/u><\/strong><\/p>\n<p><img loading=\"lazy\" decoding=\"async\" class=\"alignnone size-full wp-image-325\" src=\"http:\/\/ateateatro.eus\/wp-content\/uploads\/2016\/07\/KARTELA-AITOR.jpg\" alt=\"KARTELA AITOR\" width=\"1920\" height=\"1080\" srcset=\"http:\/\/ateateatro.com\/wp-content\/uploads\/2016\/07\/KARTELA-AITOR.jpg 1920w, http:\/\/ateateatro.com\/wp-content\/uploads\/2016\/07\/KARTELA-AITOR-300x169.jpg 300w, http:\/\/ateateatro.com\/wp-content\/uploads\/2016\/07\/KARTELA-AITOR-768x432.jpg 768w, http:\/\/ateateatro.com\/wp-content\/uploads\/2016\/07\/KARTELA-AITOR-1024x576.jpg 1024w, http:\/\/ateateatro.com\/wp-content\/uploads\/2016\/07\/KARTELA-AITOR-500x281.jpg 500w\" sizes=\"auto, (max-width: 1920px) 100vw, 1920px\" \/><\/p>\n<p><strong>\u00a0Cortometrajes:<\/strong><\/p>\n<p>\u00abAITOR\u00bb Cortometraje amateur (4 minutos). Lekeitio Zine-Bilera (2016)<\/p>\n<p>EKOETIKO. Serie de televisi\u00f3n 1. (25 min.) Cap\u00edtulo piloto (2015)<\/p>\n<p><img loading=\"lazy\" decoding=\"async\" class=\"alignnone size-full wp-image-323\" src=\"http:\/\/ateateatro.eus\/wp-content\/uploads\/2016\/07\/KARTELA-Ekoetiko-telesaila.jpg\" alt=\"KARTELA Ekoetiko telesaila\" width=\"1920\" height=\"2160\" srcset=\"http:\/\/ateateatro.com\/wp-content\/uploads\/2016\/07\/KARTELA-Ekoetiko-telesaila.jpg 1920w, http:\/\/ateateatro.com\/wp-content\/uploads\/2016\/07\/KARTELA-Ekoetiko-telesaila-267x300.jpg 267w, http:\/\/ateateatro.com\/wp-content\/uploads\/2016\/07\/KARTELA-Ekoetiko-telesaila-768x864.jpg 768w, http:\/\/ateateatro.com\/wp-content\/uploads\/2016\/07\/KARTELA-Ekoetiko-telesaila-910x1024.jpg 910w\" sizes=\"auto, (max-width: 1920px) 100vw, 1920px\" \/><\/p>\n<p>AUPA ZINEMA! (4:19 min.) Para certamen \u201cEuskaraz bizi nahi dut\u201d (2015)<\/p>\n<p>ZU GABE Cortometraje (23 min.) Adaptaci\u00f3n de la obra de teatro. Trabajo realizado con alumnos de la escuela de cine y vide ESCIVI de Andoain (2015)<\/p>\n<p>ZU GABE Promo teatro (7:20 min.) Profesional (2014)<\/p>\n<p><img loading=\"lazy\" decoding=\"async\" class=\"alignnone size-full wp-image-324\" src=\"http:\/\/ateateatro.eus\/wp-content\/uploads\/2016\/07\/ZU_GABE_Kartela.png\" alt=\"ZU_GABE_Kartela\" width=\"1418\" height=\"993\" srcset=\"http:\/\/ateateatro.com\/wp-content\/uploads\/2016\/07\/ZU_GABE_Kartela.png 1418w, http:\/\/ateateatro.com\/wp-content\/uploads\/2016\/07\/ZU_GABE_Kartela-300x210.png 300w, http:\/\/ateateatro.com\/wp-content\/uploads\/2016\/07\/ZU_GABE_Kartela-768x538.png 768w, http:\/\/ateateatro.com\/wp-content\/uploads\/2016\/07\/ZU_GABE_Kartela-1024x717.png 1024w, http:\/\/ateateatro.com\/wp-content\/uploads\/2016\/07\/ZU_GABE_Kartela-428x300.png 428w\" sizes=\"auto, (max-width: 1418px) 100vw, 1418px\" \/><\/p>\n<p><strong>Videoclips:<\/strong><\/p>\n<p>ALAITASUNEAN BIZITZEN (1:45 min.). Videoclip musical. Profesional (2015)<\/p>\n<p>ELKARREKIN GARA (3:32 min.) Videoclip musical. Profesional (2015)<\/p>\n<p><strong>2.2.1 M\u00e1s audiovisuales (direcci\u00f3n):<\/strong><\/p>\n<p>\u00abLotserr\u00efa\u00bb (teaser) director de actores (direcci\u00f3n art\u00edstica) (2016)<\/p>\n<p>Gattunk! KMK 2015 Director de la gala de presentaci\u00f3n del videoclip (2015)<\/p>\n<p>Videoclip musical \u201cZU\u201d del grupo heavy Mendeku Itxua. Gui\u00f3n y direcci\u00f3n (2010)<\/p>\n<p>Videoclip musical \u201cHerentziaren mendekua\u201d del grupo heavy Mendeku Itxua. Gui\u00f3n y direcci\u00f3n (2009)<\/p>\n<p>\u201cSarrailako giltza\u201d Usurbilgo herri antzerkia. Edici\u00f3n y desarrollo del DVD (2008)<\/p>\n<p><strong>&#8212;&#8212;&#8212;&#8212;&#8212;&#8212;&#8212;&#8212;&#8212;&#8212;&#8212;&#8212;&#8212;&#8212;&#8212;&#8212;&#8212;&#8212;&#8212;&#8212;&#8212;&#8212;&#8212;&#8212;-<\/strong><\/p>\n<ol start=\"3\">\n<li><strong><u>FORMACI\u00d3N<\/u><\/strong><\/li>\n<\/ol>\n<p><strong>T\u00edtulos\/Estudios: <\/strong><\/p>\n<p>TAE-AET Taller de Artes Esc\u00e9nicas. Donostia. (2005 \u2013 2007)<\/p>\n<p>Educaci\u00f3n Social (diplomatura). Donostia. (1996 \u2013 1999)<\/p>\n<p><strong>Talleres:<\/strong><\/p>\n<p>Teatro SOLO. Mat\u00edas Umpierrez. Donostia 2015<\/p>\n<p>Blacbird. Fernando Bernu\u00e9s. Victoria Eugenia. 2014<\/p>\n<p>Antzerki Lehia. Mireia Gabilondo. Victoria Eugenia 2014<\/p>\n<p>El actor ante la c\u00e1mara. Eneko Olasagasti. Donostia 2013<\/p>\n<p>Curso Transfronterizo. Varios. POK PRODUCCIONES &amp; TH\u00c9\u00c2TRE DES CHIM\u00c8RES. Biarritz 2009<\/p>\n<p>Topa Eszenika. Talleres: Oier Guillan, Ainhoa Alberdi, Galder Perez, Ander Lipus, Marga Altolaguirre, I\u00f1aki Ziarrusta, Maider Oiartzabal, Asier Sota\u2026 (2009 \u2013 2015)<\/p>\n<p>Monogr\u00e1ficos TAE: Clown (Ana P\u00e9rez), Comedia del Arte (Patxi Barco), Iluminaci\u00f3n (Xabier Lozano) etc. (2005 \u2013 2007)<\/p>\n<p><strong>&#8212;&#8212;&#8212;&#8212;&#8212;&#8212;&#8212;&#8212;&#8212;&#8212;&#8212;&#8212;&#8212;&#8212;&#8212;&#8212;&#8212;&#8212;&#8212;&#8212;&#8212;&#8212;&#8212;&#8212;-<\/strong><\/p>\n<ol start=\"4\">\n<li><strong><u> ESCRITOS<\/u><\/strong><\/li>\n<\/ol>\n<p>Revista HIK-HASI Atzeko Atetik (2015)<\/p>\n<p>Revista Nabarra Secci\u00f3n \u2018Jaitsi teloia\u2019 sobre artes esc\u00e9nicas\u00a0 3 escritos (2008)<\/p>\n<p>Noaua! Cr\u00f3nicas en la revista de Usurbil (2005-2009)<\/p>\n<p>Autor de seis letras de canciones del disco \u201cIndarrak batuz\u201d del grupo Mendeku Itxua (2009)<\/p>\n<p>Co-autor de las letras de las canciones del disco \u201cPiztien pare\u201d del grupo de m\u00fasica Mendeku Itxua (2010)<\/p>\n<p>Autor de la letra del tema \u201cOrdubiak hamar gutxi\u201d del disco \u201cHedatuz\u201d del grupo \u201cR\u201d (2003)<\/p>\n<p>Colaboraci\u00f3n en las letras del disco \u201cUhinak\u201d del grupo \u201cR\u201d (2009)<\/p>\n<p>\u201cEgunero lerro bat\u201d. Poes\u00eda. Libro extenso. Sin publicar (2007)<\/p>\n<p>\u201cGauak lehengo olatuak\u201d. Poesia. Libro extenso. Sin publicar (2003 \u2013 2006)<\/p>\n<p><strong>&#8212;&#8212;&#8212;&#8212;&#8212;&#8212;&#8212;&#8212;&#8212;&#8212;&#8212;&#8212;&#8212;&#8212;&#8212;&#8212;&#8212;&#8212;&#8212;&#8212;&#8212;&#8212;&#8212;&#8212;-<\/strong><\/p>\n<ol start=\"5\">\n<li><strong><u> PREMIOS<\/u><\/strong><\/li>\n<\/ol>\n<p>EKOETIKOPATETIKOBIKOA Proyecto premiado en el certamen de Teatro de Bolsillo de Donostia (2015)<\/p>\n<p>BERRIPAPERAK Radio-teatro. Premiado en Donostia (2008)<\/p>\n<p>OSPITALEAN Radio-teatro. Premiado en Donostia (2007)<\/p>\n<p>PIANOA Radio-teatro. Premiado en Donostia (2006)<\/p>\n<p>ESME a la mejor idea empresarial (segundo premio). Donostia (1996)<\/p>\n<p><strong>&#8212;&#8212;&#8212;&#8212;&#8212;&#8212;&#8212;&#8212;&#8212;&#8212;&#8212;&#8212;&#8212;&#8212;&#8212;&#8212;&#8212;&#8212;&#8212;&#8212;&#8212;&#8212;&#8212;&#8212;-<\/strong><\/p>\n<ol start=\"6\">\n<li><strong> ENTREVISTAS &#8211; REPORTAJES<\/strong><\/li>\n<\/ol>\n<p>NOAUA! 2007 uztailak 20 \u201cTelebistan agertzea erraza da, baina telebistan aktore lana egitea zailagoa da\u201d (Es f\u00e1cil salir en telvisi\u00f3n, pero trabajar de acotr en televisi\u00f3n es m\u00e1s dif\u00edcil)<\/p>\n<p>AIURRI! 2012 uztailak 6 \u201cAntzerkiaren mudu magikoan murgilduta\u201d (Inmerso en el mundo m\u00e1gico del teatro)<\/p>\n<p>(2008-2016 Entrevistas varias en prensa, revistas, radio y etc. sobre Kale Antzeri Eguna, Txerriki, Soofing, Topa Eszenika\u2026 y ATEA TEATRO).<\/p>\n<p>*En primavera de 1996an primera entrevista en Radio Euskadi por el premio a la \u201cidea empresarial\u201d.<\/p>\n<p>&nbsp;<\/p>\n","protected":false},"excerpt":{"rendered":"<p>Alex Tello Arostegi (1977) Actor, escritor y director Diplomado en Educaci\u00f3n Social (UPV) CURRICULUM ART\u00cdSTICO (\u00faltima actualizaci\u00f3n en julio de 2016) ACTOR 1.1 TEATRO 1.2 TELEVISI\u00d3N Y AUDIOVISUALES 1.3 ANIMACI\u00d3N 1.4 CASTING DIRECTOR Y GUIONISTA 2.1 TEATRO 2.2 CORTOMETRAJES, VIDEOCLIPS\u2026 &hellip; <a href=\"http:\/\/ateateatro.com\/?page_id=122&#038;lang=es\">Sigue leyendo <span class=\"meta-nav\">&rarr;<\/span><\/a><\/p>\n","protected":false},"author":1,"featured_media":0,"parent":0,"menu_order":0,"comment_status":"closed","ping_status":"closed","template":"","meta":{"footnotes":""},"class_list":["post-122","page","type-page","status-publish","hentry"],"_links":{"self":[{"href":"http:\/\/ateateatro.com\/index.php?rest_route=\/wp\/v2\/pages\/122","targetHints":{"allow":["GET"]}}],"collection":[{"href":"http:\/\/ateateatro.com\/index.php?rest_route=\/wp\/v2\/pages"}],"about":[{"href":"http:\/\/ateateatro.com\/index.php?rest_route=\/wp\/v2\/types\/page"}],"author":[{"embeddable":true,"href":"http:\/\/ateateatro.com\/index.php?rest_route=\/wp\/v2\/users\/1"}],"replies":[{"embeddable":true,"href":"http:\/\/ateateatro.com\/index.php?rest_route=%2Fwp%2Fv2%2Fcomments&post=122"}],"version-history":[{"count":19,"href":"http:\/\/ateateatro.com\/index.php?rest_route=\/wp\/v2\/pages\/122\/revisions"}],"predecessor-version":[{"id":457,"href":"http:\/\/ateateatro.com\/index.php?rest_route=\/wp\/v2\/pages\/122\/revisions\/457"}],"wp:attachment":[{"href":"http:\/\/ateateatro.com\/index.php?rest_route=%2Fwp%2Fv2%2Fmedia&parent=122"}],"curies":[{"name":"wp","href":"https:\/\/api.w.org\/{rel}","templated":true}]}}