{"id":75,"date":"2016-07-13T17:13:58","date_gmt":"2016-07-13T15:13:58","guid":{"rendered":"http:\/\/ateateatro.eus\/?page_id=75"},"modified":"2017-07-04T17:52:59","modified_gmt":"2017-07-04T15:52:59","slug":"introduccion","status":"publish","type":"page","link":"https:\/\/ateateatro.com\/?page_id=75&lang=es","title":{"rendered":"Introducci\u00f3n"},"content":{"rendered":"<p>En el a\u00f1o 2015 ATEA TEATRO estren\u00f3 su primera obra, el drama ZU GABE. A continuaci\u00f3n llegar\u00edan m\u00e1s obras de teatro, cortometrajes, videoclips etc.<\/p>\n<p><img loading=\"lazy\" decoding=\"async\" class=\"alignnone size-full wp-image-305\" src=\"http:\/\/ateateatro.eus\/wp-content\/uploads\/2016\/07\/ALEX-2007.jpg\" alt=\"ALEX 2007\" width=\"920\" height=\"893\" srcset=\"https:\/\/ateateatro.com\/wp-content\/uploads\/2016\/07\/ALEX-2007.jpg 920w, https:\/\/ateateatro.com\/wp-content\/uploads\/2016\/07\/ALEX-2007-300x291.jpg 300w, https:\/\/ateateatro.com\/wp-content\/uploads\/2016\/07\/ALEX-2007-768x745.jpg 768w, https:\/\/ateateatro.com\/wp-content\/uploads\/2016\/07\/ALEX-2007-309x300.jpg 309w\" sizes=\"auto, (max-width: 920px) 100vw, 920px\" \/>(2007)<\/p>\n<p>Alex Tello es actor desde el a\u00f1o 2006 y \u00e9l es creador de ATEA TEATRO. En su trayectoria cabe destacar su participaci\u00f3n de actor con los exitosos payasos \u201cPirritx, Porrotx eta Marimotots entre los a\u00f1os 2010 y 2017 y tambi\u00e9n su participaci\u00f3n como \u201cAsier\u201d en la m\u00edtica serie Goenkale de televisi\u00f3n.<\/p>\n<p><img loading=\"lazy\" decoding=\"async\" class=\"alignnone size-full wp-image-405 aligncenter\" src=\"http:\/\/ateateatro.com\/wp-content\/uploads\/2016\/07\/logo-bn-150x150-2.png\" alt=\"\" width=\"150\" height=\"150\" \/><\/p>\n<p><strong>ATEATEATRO.EUS<\/strong><\/p>\n<p><em>ATEATEATRO es un espacio para dar a conocer mi trayectoria en las artes esc\u00e9nicas. Han transcurrido varios a\u00f1os desde que en 2006 me lanc\u00e9 a la interpretaci\u00f3n y al mundo del teatro.<\/em><\/p>\n<p><img loading=\"lazy\" decoding=\"async\" class=\"alignnone size-full wp-image-306\" src=\"http:\/\/ateateatro.eus\/wp-content\/uploads\/2016\/07\/Alex-2011.jpg\" alt=\"Alex 2011\" width=\"640\" height=\"480\" srcset=\"https:\/\/ateateatro.com\/wp-content\/uploads\/2016\/07\/Alex-2011.jpg 640w, https:\/\/ateateatro.com\/wp-content\/uploads\/2016\/07\/Alex-2011-300x225.jpg 300w, https:\/\/ateateatro.com\/wp-content\/uploads\/2016\/07\/Alex-2011-400x300.jpg 400w\" sizes=\"auto, (max-width: 640px) 100vw, 640px\" \/>(2011)<\/p>\n<p><em>Actuando, escribiendo, dirigiendo\u2026 he hecho de todo en el \u00e1mbito del teatro y tambi\u00e9n en el audiovisual. <\/em><\/p>\n<p><em>Aqu\u00ed se encuentran los resultados de ATEA TEATRO y ALEX TELLO.<\/em><\/p>\n<p><img loading=\"lazy\" decoding=\"async\" class=\"alignnone size-full wp-image-307\" src=\"http:\/\/ateateatro.eus\/wp-content\/uploads\/2016\/07\/ALEX-2015.jpg\" alt=\"ALEX 2015\" width=\"1024\" height=\"576\" srcset=\"https:\/\/ateateatro.com\/wp-content\/uploads\/2016\/07\/ALEX-2015.jpg 1024w, https:\/\/ateateatro.com\/wp-content\/uploads\/2016\/07\/ALEX-2015-300x169.jpg 300w, https:\/\/ateateatro.com\/wp-content\/uploads\/2016\/07\/ALEX-2015-768x432.jpg 768w, https:\/\/ateateatro.com\/wp-content\/uploads\/2016\/07\/ALEX-2015-500x281.jpg 500w\" sizes=\"auto, (max-width: 1024px) 100vw, 1024px\" \/>(2015)<\/p>\n<p><em> El primero es una compa\u00f1\u00eda de teatro que tambi\u00e9n realiza producciones audiovisuales para el p\u00fablico. El segundo, adem\u00e1s de ser mi nombre art\u00edstico, es el m\u00edo propio. Dif\u00edcilmente se pueden comprender el uno sin el otro, pero cada proceso tiene sus propias caracter\u00edsticas.<\/em><\/p>\n<p style=\"text-align: left;\"><em>\u00a0<\/em>Alex Tello<\/p>\n","protected":false},"excerpt":{"rendered":"<p>En el a\u00f1o 2015 ATEA TEATRO estren\u00f3 su primera obra, el drama ZU GABE. A continuaci\u00f3n llegar\u00edan m\u00e1s obras de teatro, cortometrajes, videoclips etc. (2007) Alex Tello es actor desde el a\u00f1o 2006 y \u00e9l es creador de ATEA TEATRO. &hellip; <a href=\"https:\/\/ateateatro.com\/?page_id=75&#038;lang=es\">Sigue leyendo <span class=\"meta-nav\">&rarr;<\/span><\/a><\/p>\n","protected":false},"author":1,"featured_media":0,"parent":0,"menu_order":1,"comment_status":"closed","ping_status":"closed","template":"sidebar-page.php","meta":{"footnotes":""},"class_list":["post-75","page","type-page","status-publish","hentry"],"_links":{"self":[{"href":"https:\/\/ateateatro.com\/index.php?rest_route=\/wp\/v2\/pages\/75","targetHints":{"allow":["GET"]}}],"collection":[{"href":"https:\/\/ateateatro.com\/index.php?rest_route=\/wp\/v2\/pages"}],"about":[{"href":"https:\/\/ateateatro.com\/index.php?rest_route=\/wp\/v2\/types\/page"}],"author":[{"embeddable":true,"href":"https:\/\/ateateatro.com\/index.php?rest_route=\/wp\/v2\/users\/1"}],"replies":[{"embeddable":true,"href":"https:\/\/ateateatro.com\/index.php?rest_route=%2Fwp%2Fv2%2Fcomments&post=75"}],"version-history":[{"count":6,"href":"https:\/\/ateateatro.com\/index.php?rest_route=\/wp\/v2\/pages\/75\/revisions"}],"predecessor-version":[{"id":406,"href":"https:\/\/ateateatro.com\/index.php?rest_route=\/wp\/v2\/pages\/75\/revisions\/406"}],"wp:attachment":[{"href":"https:\/\/ateateatro.com\/index.php?rest_route=%2Fwp%2Fv2%2Fmedia&parent=75"}],"curies":[{"name":"wp","href":"https:\/\/api.w.org\/{rel}","templated":true}]}}